{"id":35,"date":"2019-04-15T13:06:42","date_gmt":"2019-04-15T13:06:42","guid":{"rendered":"http:\/\/test.elettro-security.it\/?page_id=35"},"modified":"2019-04-17T10:26:38","modified_gmt":"2019-04-17T10:26:38","slug":"servizi","status":"publish","type":"page","link":"https:\/\/elettro-security.it\/?page_id=35","title":{"rendered":"Servizi"},"content":{"rendered":"\n<section class=\"wp-block-uagb-section uagb-section__wrap uagb-section__background-color alignfull\" id=\"uagb-section-0cee5c19-171b-48d2-8f43-5e6e8946fe5c\"><div class=\"uagb-section__overlay\"><\/div><div class=\"uagb-section__inner-wrap\">\n<div class=\"wp-block-uagb-advanced-heading\" id=\"uagb-adv-heading-37157404-4c2c-4008-9af9-1c041850c0be\"><h2 class=\"uagb-heading-text\">I nostri servizi per la tua sicurezza<\/h2><div class=\"uagb-separator-wrap\"><div class=\"uagb-separator\"><\/div><\/div><p class=\"uagb-desc-text\">Dalla semplice consulenza alla copertura totale<\/p><\/div>\n<\/div><\/section>\n\n\n\n<section class=\"wp-block-uagb-section uagb-section__wrap uagb-section__background-undefined\" id=\"uagb-section-082f6092-1074-4f17-a5c9-3acc99fe8c98\"><div class=\"uagb-section__overlay\"><\/div><div class=\"uagb-section__inner-wrap\">\n<div class=\"uagb-infobox__outer-wrap\" id=\"uagb-infobox-43ee86f4-f43d-4d8a-8f93-c57c39fe66d0\"><div class=\"uagb-infobox__content-wrap uagb-infobox uagb-infobox-has-image uagb-infobox-icon-left uagb-infobox-left uagb-infobox-stacked-tablet uagb-infobox-image-valign-top uagb-infobox-enable-border-radius \"><div class=\"uagb-ifb-left-right-wrap\"><div class=\"uagb-ifb-image-icon-content uagb-ifb-imgicon-wrap\"><div class=\"uagb-ifb-image\"><div class=\"uagb-ifb-image-content\"><img class=\"\" src=\"http:\/\/antifurtoacasa.it\/wp-content\/uploads\/2019\/04\/sicurezza.jpg\" alt=\"\"\/><\/div><\/div><\/div><div class=\"uagb-ifb-content\"><div class=\"uagb-ifb-title-wrap\"><h3 class=\"uagb-ifb-title\">Protezione&nbsp;Interna<\/h3><\/div><div class=\"uagb-ifb-text-wrap\"><p class=\"uagb-ifb-desc\">Elettrosecurity realizza sistemi di Antintrusione all\u2019avanguardia, tecnologie avanzate e funzionali per la semplicit\u00e0 di gestione con o senza fili o misti. I nuovissimi sistemi Via Radio Bidirezionale sono affidabili come un sistema via filo<br>&nbsp;<br>Tutte le azioni di sabotaggio o danneggiamento, nei nostri sistemi, genereranno un allarme, sia nel caso iin cui venisse attaccato dall\u2019esterno Disturbando la Frequenza Radio con una portate, il sistema analizza se i disturbi sono di tipo accidentali o intenzionali e se necessario attiva un Allarme Sabotaggio, prima che il ladro entri in azione.<\/p><div class=\"uagb-ifb-separator-parent\"><div class=\"uagb-ifb-separator\"><\/div><\/div><\/div><\/div><\/div><\/div><\/div>\n\n\n\n<div style=\"height:100px\" aria-hidden=\"true\" class=\"wp-block-spacer\"><\/div>\n\n\n\n<div class=\"uagb-infobox__outer-wrap\" id=\"uagb-infobox-b9aab9bd-31ae-4809-ae2c-701c0b977b2a\"><div class=\"uagb-infobox__content-wrap uagb-infobox uagb-infobox-has-image uagb-infobox-icon-left uagb-infobox-left uagb-infobox-stacked-tablet uagb-infobox-image-valign-top uagb-infobox-enable-border-radius \"><div class=\"uagb-ifb-left-right-wrap\"><div class=\"uagb-ifb-image-icon-content uagb-ifb-imgicon-wrap\"><div class=\"uagb-ifb-image\"><div class=\"uagb-ifb-image-content\"><img class=\"\" src=\"http:\/\/antifurtoacasa.it\/wp-content\/uploads\/2019\/04\/remoto.jpg\" alt=\"\"\/><\/div><\/div><\/div><div class=\"uagb-ifb-content\"><div class=\"uagb-ifb-title-wrap\"><h3 class=\"uagb-ifb-title\">Accesso e controllo da remoto<\/h3><\/div><div class=\"uagb-ifb-text-wrap\"><p class=\"uagb-ifb-desc\">I nostri sistemi possono essere gestiti per la supervisione del vostro sistema. Gli impianti possono essere comandati da semplici tastiere o da Telecomandi di facile utilizzo a prova di bambino, ma sicuri a prova di carro armato.<br>Con un semplice collegamento alla vostra linea telefonica fissa, o&nbsp;GSM&nbsp;oppure via internet potrete accedere al men\u00f9 dell\u2019impianto per poter gestire in piena sicurezza le molteplici funzioni, ad esempio inserimento\/disinserimento, ascolto ambientale, esclusione zone e tante altre semplici funzioni .&nbsp;<br>Potete avvisare qualsiasi numero telefonico e dove le esigenze lo richiedono potete avvisare tempestivamente anche le forze dell\u2019ordine.&nbsp;<\/p><div class=\"uagb-ifb-separator-parent\"><div class=\"uagb-ifb-separator\"><\/div><\/div><\/div><\/div><\/div><\/div><\/div>\n\n\n\n<div style=\"height:100px\" aria-hidden=\"true\" class=\"wp-block-spacer\"><\/div>\n\n\n\n<div class=\"uagb-infobox__outer-wrap\" id=\"uagb-infobox-1bcec179-45b8-47ec-bb65-0ffcb3a36bf5\"><div class=\"uagb-infobox__content-wrap uagb-infobox uagb-infobox-has-image uagb-infobox-icon-left uagb-infobox-left uagb-infobox-stacked-tablet uagb-infobox-image-valign-top uagb-infobox-enable-border-radius \"><div class=\"uagb-ifb-left-right-wrap\"><div class=\"uagb-ifb-image-icon-content uagb-ifb-imgicon-wrap\"><div class=\"uagb-ifb-image\"><div class=\"uagb-ifb-image-content\"><img class=\"\" src=\"http:\/\/antifurtoacasa.it\/wp-content\/uploads\/2019\/04\/3.jpg\" alt=\"\"\/><\/div><\/div><\/div><div class=\"uagb-ifb-content\"><div class=\"uagb-ifb-title-wrap\"><h3 class=\"uagb-ifb-title\">Protezione&nbsp;Esterna<\/h3><\/div><div class=\"uagb-ifb-text-wrap\"><p class=\"uagb-ifb-desc\">Elettrosecurity realizza sistemi da esterno altamente tecnologici per ogni tipo di esigenza sia civile, commerciale, industriale.<br>Possiamo rilevare con largo anticipo le possibili intrusioni non gradite.<br>Ultilizziamo sistemi di barriere sia a microonde ed a raggi infrarossi.<\/p><div class=\"uagb-ifb-separator-parent\"><div class=\"uagb-ifb-separator\"><\/div><\/div><\/div><\/div><\/div><\/div><\/div>\n\n\n\n<div style=\"height:100px\" aria-hidden=\"true\" class=\"wp-block-spacer\"><\/div>\n\n\n\n<div class=\"uagb-infobox__outer-wrap\" id=\"uagb-infobox-3192b6e6-8a99-4cae-94d0-3224800e820b\"><div class=\"uagb-infobox__content-wrap uagb-infobox uagb-infobox-has-image uagb-infobox-icon-left uagb-infobox-left uagb-infobox-stacked-tablet uagb-infobox-image-valign-top uagb-infobox-enable-border-radius \"><div class=\"uagb-ifb-left-right-wrap\"><div class=\"uagb-ifb-image-icon-content uagb-ifb-imgicon-wrap\"><div class=\"uagb-ifb-image\"><div class=\"uagb-ifb-image-content\"><img class=\"\" src=\"http:\/\/antifurtoacasa.it\/wp-content\/uploads\/2019\/04\/wireless.jpg\" alt=\"\"\/><\/div><\/div><\/div><div class=\"uagb-ifb-content\"><div class=\"uagb-ifb-title-wrap\"><h3 class=\"uagb-ifb-title\">Wireless<\/h3><\/div><div class=\"uagb-ifb-text-wrap\"><p class=\"uagb-ifb-desc\">I vantaggi che offrono i sistemi senza fili sono fondamentalmente due: il primo \u00e8 che&nbsp;permettono di evitare l\u2019esecuzione di opere murarie (cavi sotto traccia, posizionamento di&nbsp;canaline, ecc.) che, in alcuni casi, possono creare seri problemi estetici negli ambienti da&nbsp;proteggere. Si pensi, ad esempio, al fatto di dover operare su pareti tappezzate o&nbsp;addirittura affrescate, con tutte le difficolt\u00e0 del caso e costi elevati per il ripristino. Il&nbsp;secondo vantaggio \u00e8 rappresentato dalla rapidit\u00e0 di installazione e, quindi, dai minori&nbsp;costi di messa in opera. Infine, avere una batteria autonoma interna rappresenta un&nbsp;ulteriore vantaggio perch\u00e9 garantisce l\u2019attivit\u00e0 dell\u2019impianto anche in caso di mancata&nbsp;corrente.<\/p><div class=\"uagb-ifb-separator-parent\"><div class=\"uagb-ifb-separator\"><\/div><\/div><\/div><\/div><\/div><\/div><\/div>\n\n\n\n<div style=\"height:100px\" aria-hidden=\"true\" class=\"wp-block-spacer\"><\/div>\n\n\n\n<div class=\"uagb-infobox__outer-wrap\" id=\"uagb-infobox-0d70ea49-3672-4793-8709-23b38657d114\"><div class=\"uagb-infobox__content-wrap uagb-infobox uagb-infobox-has-image uagb-infobox-icon-left uagb-infobox-left uagb-infobox-stacked-tablet uagb-infobox-image-valign-top uagb-infobox-enable-border-radius \"><div class=\"uagb-ifb-left-right-wrap\"><div class=\"uagb-ifb-image-icon-content uagb-ifb-imgicon-wrap\"><div class=\"uagb-ifb-image\"><div class=\"uagb-ifb-image-content\"><img class=\"\" src=\"http:\/\/antifurtoacasa.it\/wp-content\/uploads\/2019\/04\/esterno.jpg\" alt=\"\"\/><\/div><\/div><\/div><div class=\"uagb-ifb-content\"><div class=\"uagb-ifb-title-wrap\"><h3 class=\"uagb-ifb-title\">Impianti di video sorveglianza<\/h3><\/div><div class=\"uagb-ifb-text-wrap\"><p class=\"uagb-ifb-desc\">Elettrosecurity propone innovativi&nbsp;impianti&nbsp;di&nbsp;videosorveglianza&nbsp;con telecamere a circuito chiuso, ideali per assicurare il monitoraggio costante di ambienti a rischio di intrusione. fornendo efficienti servizi di manutenzione, implementazione e assistenza tecnica.<\/p><div class=\"uagb-ifb-separator-parent\"><div class=\"uagb-ifb-separator\"><\/div><\/div><\/div><\/div><\/div><\/div><\/div>\n\n\n\n<div style=\"height:100px\" aria-hidden=\"true\" class=\"wp-block-spacer\"><\/div>\n\n\n\n<div class=\"uagb-infobox__outer-wrap\" id=\"uagb-infobox-cc4c4b65-f425-4b11-96ed-a379c7ea5fc4\"><div class=\"uagb-infobox__content-wrap uagb-infobox uagb-infobox-has-image uagb-infobox-icon-left uagb-infobox-left uagb-infobox-stacked-tablet uagb-infobox-image-valign-top uagb-infobox-enable-border-radius \"><div class=\"uagb-ifb-left-right-wrap\"><div class=\"uagb-ifb-image-icon-content uagb-ifb-imgicon-wrap\"><div class=\"uagb-ifb-image\"><div class=\"uagb-ifb-image-content\"><img class=\"\" src=\"http:\/\/antifurtoacasa.it\/wp-content\/uploads\/2019\/04\/viseosorveglian.jpg\" alt=\"\"\/><\/div><\/div><\/div><div class=\"uagb-ifb-content\"><div class=\"uagb-ifb-title-wrap\"><h3 class=\"uagb-ifb-title\">Telecamere tvcc a raggi infrarossi<\/h3><\/div><div class=\"uagb-ifb-text-wrap\"><p class=\"uagb-ifb-desc\">Elettrosecurity, attenta alle rinnovate esigenze della clientela e all\u2019evoluzione delle tecnologie di settore, si pone come punto di riferimento per l\u2019installazione di sistemi di sicurezza su misura, in grado di rispondere a esigenze specifiche, dalle abitazioni ai centri commerciali, dalle aziende agli istituti di credito. Gli impianti di videosorveglianza offerti da Elettosecurity sono dotati di telecamere fisse o automatizzate, in grado di fornire immagini nitide e precise con possibilit\u00e0 di registrazione. Grazie alla moderna tecnologia a infrarossi, \u00e8 possibile effettuare anche riprese notturne in spazi non illuminati, garantendo dunque i pi\u00f9 elevati standard di sicurezza. Gli impianti possono essere agevolmente collegati a pc, tablet e smartphone, permettendo cos\u00ec una visualizzazione in real time senza alcuna limitazione. Il collegamento a sistemi d\u2019allarme e combinatori telefonici, consente inoltre di far scattare immediatamente un segnale acustico qualora vengano rilevati degli intrusi, segnalando contemporaneamente il pericolo alle forze dell\u2019ordine.&nbsp;<\/p><div class=\"uagb-ifb-separator-parent\"><div class=\"uagb-ifb-separator\"><\/div><\/div><\/div><\/div><\/div><\/div><\/div>\n\n\n\n<div style=\"height:100px\" aria-hidden=\"true\" class=\"wp-block-spacer\"><\/div>\n\n\n\n<div class=\"uagb-infobox__outer-wrap\" id=\"uagb-infobox-0cfad0f1-7b72-442f-964a-0f5a703c5ec0\"><div class=\"uagb-infobox__content-wrap uagb-infobox uagb-infobox-has-image uagb-infobox-icon-left uagb-infobox-left uagb-infobox-stacked-tablet uagb-infobox-image-valign-top uagb-infobox-enable-border-radius \"><div class=\"uagb-ifb-left-right-wrap\"><div class=\"uagb-ifb-image-icon-content uagb-ifb-imgicon-wrap\"><div class=\"uagb-ifb-image\"><div class=\"uagb-ifb-image-content\"><img class=\"\" src=\"http:\/\/antifurtoacasa.it\/wp-content\/uploads\/2019\/04\/impianti-300x199.jpg\" alt=\"\"\/><\/div><\/div><\/div><div class=\"uagb-ifb-content\"><div class=\"uagb-ifb-title-wrap\"><h3 class=\"uagb-ifb-title\">Impianti elettrici<\/h3><\/div><div class=\"uagb-ifb-text-wrap\"><p class=\"uagb-ifb-desc\">Si realizzano impianti elettrici sia civili che industriali, abbiamo tutte le certificazioni per poter mettere a norma qualsiasi tipo di impianto.<\/p><div class=\"uagb-ifb-separator-parent\"><div class=\"uagb-ifb-separator\"><\/div><\/div><\/div><\/div><\/div><\/div><\/div>\n<\/div><\/section>\n","protected":false},"excerpt":{"rendered":"","protected":false},"author":1,"featured_media":0,"parent":0,"menu_order":0,"comment_status":"closed","ping_status":"closed","template":"","meta":{"kt_blocks_editor_width":""},"uagb_featured_image_src":{"full":false,"thumbnail":false,"medium":false,"medium_large":false,"large":false,"1536x1536":false,"2048x2048":false},"uagb_author_info":{"display_name":"kreatore","author_link":"https:\/\/elettro-security.it\/?author=1"},"uagb_comment_info":0,"uagb_excerpt":null,"_links":{"self":[{"href":"https:\/\/elettro-security.it\/index.php?rest_route=\/wp\/v2\/pages\/35"}],"collection":[{"href":"https:\/\/elettro-security.it\/index.php?rest_route=\/wp\/v2\/pages"}],"about":[{"href":"https:\/\/elettro-security.it\/index.php?rest_route=\/wp\/v2\/types\/page"}],"author":[{"embeddable":true,"href":"https:\/\/elettro-security.it\/index.php?rest_route=\/wp\/v2\/users\/1"}],"replies":[{"embeddable":true,"href":"https:\/\/elettro-security.it\/index.php?rest_route=%2Fwp%2Fv2%2Fcomments&post=35"}],"version-history":[{"count":13,"href":"https:\/\/elettro-security.it\/index.php?rest_route=\/wp\/v2\/pages\/35\/revisions"}],"predecessor-version":[{"id":163,"href":"https:\/\/elettro-security.it\/index.php?rest_route=\/wp\/v2\/pages\/35\/revisions\/163"}],"wp:attachment":[{"href":"https:\/\/elettro-security.it\/index.php?rest_route=%2Fwp%2Fv2%2Fmedia&parent=35"}],"curies":[{"name":"wp","href":"https:\/\/api.w.org\/{rel}","templated":true}]}}