{"id":2,"date":"2019-04-15T05:30:39","date_gmt":"2019-04-15T05:30:39","guid":{"rendered":"http:\/?page_id=2"},"modified":"2019-04-17T10:23:39","modified_gmt":"2019-04-17T10:23:39","slug":"sample-page","status":"publish","type":"page","link":"https:\/\/elettro-security.it\/","title":{"rendered":"Benvenuto su ELETTRO-SECURITY.it"},"content":{"rendered":"\n<section class=\"wp-block-uagb-section uagb-section__wrap uagb-section__background-color alignfull\" id=\"uagb-section-b0b248bd-aa09-4f2e-9a8a-b18a0ea221df\"><div class=\"uagb-section__overlay\"><\/div><div class=\"uagb-section__inner-wrap\">\n<div class=\"uagb-cta__outer-wrap\" id=\"uagb-cta-block-f3cb8246-3619-4c99-803d-c76c486fb1af\"><a href=\"http:\/\/test.elettro-security.it\/?page_id=35\" class=\"uagb-cta__block-link-wrap uagb-cta__link-to-all\" target=\"\" rel=\"noopener noreferrer\"><\/a><div class=\"uagb-cta__content-wrap uagb-cta__block uagb-cta__icon-position-below-title uagb-cta__button-type-none \"><div class=\"uagb-cta__left-right-wrap\"><div class=\"uagb-cta__content\"><div class=\"uagb-cta__title-wrap\"><h3 class=\"uagb-cta__title\">Garantiamo la tua Sicurezza!!!<\/h3><\/div><div class=\"uagb-cta-text-wrap\"><p class=\"uagb-cta__desc\">Click here to change this text. Lorem ipsum dolor sit amet, consectetur adipiscing elit. Ut elit tellus, luctus nec ullamcorper mattis, pulvinar dapibus leo.<\/p><\/div><div class=\"uagb-cta__link-wrapper uagb-cta__block-link-style\"><\/div><\/div><\/div><\/div><\/div>\n\n\n\n<div class=\"wp-block-image\"><figure class=\"aligncenter\"><img loading=\"lazy\" width=\"1140\" height=\"570\" src=\"http:\/\/antifurtoacasa.it\/wp-content\/uploads\/2019\/04\/2-1024x512.jpg\" alt=\"\" class=\"wp-image-15\" srcset=\"https:\/\/elettro-security.it\/wp-content\/uploads\/2019\/04\/2-1024x512.jpg 1024w, https:\/\/elettro-security.it\/wp-content\/uploads\/2019\/04\/2-300x150.jpg 300w, https:\/\/elettro-security.it\/wp-content\/uploads\/2019\/04\/2-768x384.jpg 768w, https:\/\/elettro-security.it\/wp-content\/uploads\/2019\/04\/2.jpg 1140w\" sizes=\"(max-width: 1140px) 100vw, 1140px\" \/><figcaption>Combivox | Per la tua sicurezza<\/figcaption><\/figure><\/div>\n\n\n\n<p><\/p>\n<\/div><\/section>\n\n\n\n<section class=\"wp-block-uagb-section uagb-section__wrap uagb-section__background-undefined\" id=\"uagb-section-0bc7e013-08ff-40c6-bb67-9216438cab38\"><div class=\"uagb-section__overlay\"><\/div><div class=\"uagb-section__inner-wrap\">\n<div class=\"wp-block-columns has-2-columns\">\n<div class=\"wp-block-column\">\n<h2>Benvenuto su ELETTRO-SECURITY.it<\/h2>\n\n\n\n<figure class=\"wp-block-image\"><img loading=\"lazy\" width=\"1024\" height=\"512\" src=\"http:\/\/antifurtoacasa.it\/wp-content\/uploads\/2019\/04\/4-1024x512.jpg\" alt=\"\" class=\"wp-image-13\" srcset=\"https:\/\/elettro-security.it\/wp-content\/uploads\/2019\/04\/4-1024x512.jpg 1024w, https:\/\/elettro-security.it\/wp-content\/uploads\/2019\/04\/4-300x150.jpg 300w, https:\/\/elettro-security.it\/wp-content\/uploads\/2019\/04\/4-768x384.jpg 768w, https:\/\/elettro-security.it\/wp-content\/uploads\/2019\/04\/4.jpg 1140w\" sizes=\"(max-width: 1024px) 100vw, 1024px\" \/><\/figure>\n\n\n\n<p>Le statiche parlano chiaro, sul nostro territorio i FURTI E LE RAPINE sono aumentati , c\u2019\u00e8 sempre pi\u00f9 la necessit\u00e0 di difendersi e di proteggersi sia in ABITAZIONE che in AZIENDE.<br>\nPensiamo e studiamo quotidianamente per garantire la VOSTRASICUREZZA investendo sempre pi\u00f9 nella ricerca di sistemi Adeguati, facili da utilizzare ma di Grande Efficacia.<\/p>\n\n\n\n<p style=\"color:#2bb4e8\" class=\"has-text-color\"><strong>E\u2019 ORA DI RIVOLGERVI AD ELETTROSECURITY PER GARANTIRVI UN SONNO MOLTO PI\u00d9 SERENO AVENDO LA POSSIBILIT\u00c0 DI DORMIRE CON LE FINESTRE APERTE<\/strong><\/p>\n<\/div>\n\n\n\n<div class=\"wp-block-column\">\n<p style=\"background-color:#2bb4e8;color:#ffffff;text-align:center\" class=\"has-text-color has-background has-large-font-size\"><strong>CHIAMACI PER UN SOPRALLUOGO DEL TUTTO GRATUITO E SENZA IMPEGNO<\/strong><br><strong>+39 3483428816\ufeff<\/strong><br><\/p>\n\n\n\n<p style=\"background-color:#2bb4e8;color:#ffffff;font-size:33px;text-align:center\" class=\"has-text-color has-background\"><strong>O CONTATTACI ALL\u2019INDIRIZZO<\/strong><br><a href=\"mailto:info@elettro-security.it\">info@elettro-security.it<\/a><\/p>\n<\/div>\n<\/div>\n<\/div><\/section>\n","protected":false},"excerpt":{"rendered":"","protected":false},"author":1,"featured_media":0,"parent":0,"menu_order":0,"comment_status":"closed","ping_status":"open","template":"","meta":{"kt_blocks_editor_width":""},"uagb_featured_image_src":{"full":false,"thumbnail":false,"medium":false,"medium_large":false,"large":false,"1536x1536":false,"2048x2048":false},"uagb_author_info":{"display_name":"kreatore","author_link":"https:\/\/elettro-security.it\/?author=1"},"uagb_comment_info":0,"uagb_excerpt":null,"_links":{"self":[{"href":"https:\/\/elettro-security.it\/index.php?rest_route=\/wp\/v2\/pages\/2"}],"collection":[{"href":"https:\/\/elettro-security.it\/index.php?rest_route=\/wp\/v2\/pages"}],"about":[{"href":"https:\/\/elettro-security.it\/index.php?rest_route=\/wp\/v2\/types\/page"}],"author":[{"embeddable":true,"href":"https:\/\/elettro-security.it\/index.php?rest_route=\/wp\/v2\/users\/1"}],"replies":[{"embeddable":true,"href":"https:\/\/elettro-security.it\/index.php?rest_route=%2Fwp%2Fv2%2Fcomments&post=2"}],"version-history":[{"count":40,"href":"https:\/\/elettro-security.it\/index.php?rest_route=\/wp\/v2\/pages\/2\/revisions"}],"predecessor-version":[{"id":161,"href":"https:\/\/elettro-security.it\/index.php?rest_route=\/wp\/v2\/pages\/2\/revisions\/161"}],"wp:attachment":[{"href":"https:\/\/elettro-security.it\/index.php?rest_route=%2Fwp%2Fv2%2Fmedia&parent=2"}],"curies":[{"name":"wp","href":"https:\/\/api.w.org\/{rel}","templated":true}]}}